{"id":46,"date":"2022-09-08T10:56:00","date_gmt":"2022-09-08T08:56:00","guid":{"rendered":"https:\/\/jeuxtoto.com\/?page_id=46"},"modified":"2022-11-09T17:09:31","modified_gmt":"2022-11-09T16:09:31","slug":"profitez-des-jeux-toto","status":"publish","type":"page","link":"https:\/\/jeuxtoto.com\/","title":{"rendered":"Profitez des jeux gratuit offert par TOTO !"},"content":{"rendered":"\n<figure class=\"wp-block-video\"><video height=\"1500\" style=\"aspect-ratio: 1500 \/ 1500;\" width=\"1500\" controls loop src=\"https:\/\/jeuxtoto.com\/wp-content\/uploads\/2022\/11\/REGLE-DE-JEUv2-.mp4\"><\/video><\/figure>\n\n\n\n<figure class=\"wp-block-gallery has-nested-images columns-default is-cropped wp-block-gallery-1 is-layout-flex wp-block-gallery-is-layout-flex\">\n<figure class=\"wp-block-image size-large is-style-rounded\"><img loading=\"lazy\" decoding=\"async\" width=\"1024\" height=\"576\" data-id=\"211\" src=\"https:\/\/jeuxtoto.com\/wp-content\/uploads\/2022\/11\/Banniere-YouTube-de-Jeux-video-Gaming-Jeu-de-role-Moderne-Jaune-et-Violet-1024x576.png\" alt=\"\" class=\"wp-image-211\" srcset=\"https:\/\/jeuxtoto.com\/wp-content\/uploads\/2022\/11\/Banniere-YouTube-de-Jeux-video-Gaming-Jeu-de-role-Moderne-Jaune-et-Violet-1024x576.png 1024w, https:\/\/jeuxtoto.com\/wp-content\/uploads\/2022\/11\/Banniere-YouTube-de-Jeux-video-Gaming-Jeu-de-role-Moderne-Jaune-et-Violet-300x169.png 300w, https:\/\/jeuxtoto.com\/wp-content\/uploads\/2022\/11\/Banniere-YouTube-de-Jeux-video-Gaming-Jeu-de-role-Moderne-Jaune-et-Violet-768x432.png 768w, https:\/\/jeuxtoto.com\/wp-content\/uploads\/2022\/11\/Banniere-YouTube-de-Jeux-video-Gaming-Jeu-de-role-Moderne-Jaune-et-Violet-1536x864.png 1536w, https:\/\/jeuxtoto.com\/wp-content\/uploads\/2022\/11\/Banniere-YouTube-de-Jeux-video-Gaming-Jeu-de-role-Moderne-Jaune-et-Violet-2048x1152.png 2048w\" sizes=\"auto, (max-width: 706px) 89vw, (max-width: 767px) 82vw, 740px\" \/><figcaption class=\"wp-element-caption\"><strong>jOUER<\/strong><\/figcaption><\/figure>\n<\/figure>\n\n\n\n<div class=\"wp-block-group\"><div class=\"wp-block-group__inner-container is-layout-constrained wp-block-group-is-layout-constrained\">\n<div class=\"wp-block-columns is-layout-flex wp-container-core-columns-is-layout-9d6595d7 wp-block-columns-is-layout-flex\">\n<div class=\"wp-block-column is-layout-flow wp-block-column-is-layout-flow\" style=\"flex-basis:100%\">\n<div class=\"wp-block-group\"><div class=\"wp-block-group__inner-container is-layout-constrained wp-block-group-is-layout-constrained\">\n<div class=\"wp-block-columns is-layout-flex wp-container-core-columns-is-layout-9d6595d7 wp-block-columns-is-layout-flex\">\n<div class=\"wp-block-column is-layout-flow wp-block-column-is-layout-flow\" style=\"flex-basis:100%\">\n<div class=\"wp-block-group\"><div class=\"wp-block-group__inner-container is-layout-constrained wp-block-group-is-layout-constrained\">\n<div class=\"wp-block-columns is-layout-flex wp-container-core-columns-is-layout-9d6595d7 wp-block-columns-is-layout-flex\">\n<div class=\"wp-block-column is-vertically-aligned-bottom is-layout-flow wp-block-column-is-layout-flow\" style=\"flex-basis:100%\">\n<figure class=\"wp-block-table is-style-regular\"><table class=\"has-black-color has-text-color has-background has-fixed-layout\" style=\"background:radial-gradient(rgb(255,203,112) 0%,rgb(199,81,192) 50%,rgb(65,88,208) 100%)\"><tbody><tr><td class=\"has-text-align-center\" data-align=\"center\">\u00ab<strong>Toto \u00e0 la p\u00eache\u00bb<\/strong> \u25ba <a rel=\"noreferrer noopener\" href=\"https:\/\/www.youtube.com\/watch?v=zM1e4r1XkG8\" target=\"_blank\"><strong>R\u00e8gle du jeu<\/strong><\/a><\/td><td class=\"has-text-align-center\" data-align=\"center\"><strong>Toto tir au p\u00e9nalty<\/strong><\/td><td class=\"has-text-align-center\" data-align=\"center\"><strong>Toto \u00e0 l&rsquo;entrainement de foot<\/strong><\/td><td class=\"has-text-align-center\" data-align=\"center\">Toto fait du Ping Pong<\/td><td class=\"has-text-align-center\" data-align=\"center\"><strong>Toto  au Bowling<\/strong><\/td><\/tr><tr><td class=\"has-text-align-center\" data-align=\"center\"><img decoding=\"async\" class=\"wp-image-463\" style=\"\" src=\"https:\/\/bonbontoto.com\/wp-content\/uploads\/2022\/06\/JEU-TOTO-PECHE.jpg\" alt=\"\"><\/td><td class=\"has-text-align-center\" data-align=\"center\"><a href=\"https:\/\/bonbontoto.com\/Games\/TOTO-FOOT1\/game\/index.html\"><img decoding=\"async\" class=\"wp-image-573\" style=\"\" src=\"https:\/\/bonbontoto.com\/wp-content\/uploads\/2022\/07\/TOTO-FOOT-.jpg\" alt=\"\"><\/a><div class=\"wp-block-button\"><\/div><\/td><td class=\"has-text-align-center\" data-align=\"center\"><img decoding=\"async\" class=\"wp-image-587\" style=\"\" src=\"https:\/\/bonbontoto.com\/wp-content\/uploads\/2022\/07\/TOTO-FOOT-2-1.jpg\" alt=\"\"><\/td><td class=\"has-text-align-center\" data-align=\"center\"><a href=\"https:\/\/jeuxtoto.com\/Games\/TOTO-PING-PONG\/pingpong\/index.html\"><img decoding=\"async\" class=\"wp-image-591\" style=\"\" src=\"https:\/\/bonbontoto.com\/wp-content\/uploads\/2022\/07\/TOTO-PING-PONG.jpg\" alt=\"\"><\/a><\/td><td class=\"has-text-align-center\" data-align=\"center\"><a href=\"https:\/\/jeuxtoto.com\/Games\/BOWLING\/index.html\"><img decoding=\"async\" class=\"wp-image-610\" style=\"\" src=\"https:\/\/bonbontoto.com\/wp-content\/uploads\/2022\/07\/TOTO-BOWLING-1.jpg\" alt=\"\"><\/a><\/td><\/tr><tr><td class=\"has-text-align-center\" data-align=\"center\"><strong>Toto Reflexe avec les Fruits<\/strong><\/td><td class=\"has-text-align-center\" data-align=\"center\"><strong>Toto dans l&rsquo;espace !<\/strong><\/td><td class=\"has-text-align-center\" data-align=\"center\"><strong>Toto joue avec des donuts !<\/strong><\/td><td class=\"has-text-align-center\" data-align=\"center\"><strong>Toto tir aux ballons !<\/strong><\/td><td class=\"has-text-align-center\" data-align=\"center\"><strong>Toto tranche des fruits !<\/strong><\/td><\/tr><tr><td class=\"has-text-align-center\" data-align=\"center\"><a href=\"https:\/\/jeuxtoto.com\/Games\/FRUITS\/index.html\"><img decoding=\"async\" class=\"wp-image-595\" style=\"\" src=\"https:\/\/bonbontoto.com\/wp-content\/uploads\/2022\/07\/TOTO-FRUITS.jpg\" alt=\"\"><\/a><\/td><td class=\"has-text-align-center\" data-align=\"center\"><a href=\"https:\/\/jeuxtoto.com\/Games\/TOTO-ESPACE\/index.html\"><img decoding=\"async\" class=\"wp-image-608\" style=\"\" src=\"https:\/\/bonbontoto.com\/wp-content\/uploads\/2022\/07\/ESPACE.jpg\" alt=\"\"><\/a><\/td><td class=\"has-text-align-center\" data-align=\"center\"><a href=\"https:\/\/jeuxtoto.com\/Games\/DONUTS\/index.html\"><img decoding=\"async\" class=\"wp-image-606\" style=\"\" src=\"https:\/\/bonbontoto.com\/wp-content\/uploads\/2022\/07\/DONUTS-1.jpg\" alt=\"\"><\/a><\/td><td class=\"has-text-align-center\" data-align=\"center\"><a href=\"https:\/\/jeuxtoto.com\/Games\/CROSSWORD\/index.html\"><img decoding=\"async\" class=\"wp-image-599\" style=\"\" src=\"https:\/\/bonbontoto.com\/wp-content\/uploads\/2022\/07\/BALLONS.jpg\" alt=\"\"><\/a><\/td><td class=\"has-text-align-center\" data-align=\"center\"><a href=\"https:\/\/jeuxtoto.com\/Games\/FRUIT-NINJA\/index.html\"><img decoding=\"async\" class=\"wp-image-604\" style=\"\" src=\"https:\/\/bonbontoto.com\/wp-content\/uploads\/2022\/07\/FRUITS-NINJA.jpg\" alt=\"\"><\/a><\/td><\/tr><tr><td class=\"has-text-align-center\" data-align=\"center\"><strong>Les Maths avec<\/strong>&nbsp;<strong>Toto<\/strong><\/td><td class=\"has-text-align-center\" data-align=\"center\"><strong>Animaux avec Toto<\/strong><\/td><td class=\"has-text-align-center\" data-align=\"center\"><strong>Toto est Super fort !<\/strong><\/td><td class=\"has-text-align-center\" data-align=\"center\"><strong>Toto contre les zombies<\/strong><\/td><td class=\"has-text-align-center\" data-align=\"center\"><strong>Course de Toto<\/strong><\/td><\/tr><tr><td class=\"has-text-align-center\" data-align=\"center\"><a href=\"https:\/\/jeuxtoto.com\/Games\/MATH\/index.html\"><img loading=\"lazy\" decoding=\"async\" width=\"439\" height=\"439\" class=\"wp-image-51\" style=\"\" src=\"https:\/\/jeuxtoto.com\/wp-content\/uploads\/2022\/09\/MATH.jpg\" alt=\"\" srcset=\"https:\/\/jeuxtoto.com\/wp-content\/uploads\/2022\/09\/MATH.jpg 439w, https:\/\/jeuxtoto.com\/wp-content\/uploads\/2022\/09\/MATH-300x300.jpg 300w, https:\/\/jeuxtoto.com\/wp-content\/uploads\/2022\/09\/MATH-150x150.jpg 150w\" sizes=\"auto, (max-width: 439px) 100vw, 439px\" \/><\/a><\/td><td class=\"has-text-align-center\" data-align=\"center\"><a href=\"https:\/\/jeuxtoto.com\/Games\/ANIMAUX\/index.html\"><img loading=\"lazy\" decoding=\"async\" width=\"439\" height=\"439\" class=\"wp-image-50\" style=\"\" src=\"https:\/\/jeuxtoto.com\/wp-content\/uploads\/2022\/09\/ANIMALS.jpg\" alt=\"\" srcset=\"https:\/\/jeuxtoto.com\/wp-content\/uploads\/2022\/09\/ANIMALS.jpg 439w, https:\/\/jeuxtoto.com\/wp-content\/uploads\/2022\/09\/ANIMALS-300x300.jpg 300w, https:\/\/jeuxtoto.com\/wp-content\/uploads\/2022\/09\/ANIMALS-150x150.jpg 150w\" sizes=\"auto, (max-width: 439px) 100vw, 439px\" \/><\/a><\/td><td class=\"has-text-align-center\" data-align=\"center\"><a href=\"https:\/\/jeuxtoto.com\/Games\/Punch-box\/index.html\"><img decoding=\"async\" class=\"wp-image-654\" style=\"\" src=\"https:\/\/bonbontoto.com\/wp-content\/uploads\/2022\/09\/COUP-POING.jpg\" alt=\"\"><\/a><\/td><td class=\"has-text-align-center\" data-align=\"center\"><a href=\"https:\/\/jeuxtoto.com\/Games\/ZOMBIE-PUZZLE\/index.html\"><img decoding=\"async\" class=\"wp-image-667\" style=\"\" src=\"https:\/\/bonbontoto.com\/wp-content\/uploads\/2022\/09\/TOTO-ZOMBIES-2.jpg\" alt=\"\"><\/a><\/td><td class=\"has-text-align-center\" data-align=\"center\"><a href=\"https:\/\/jeuxtoto.com\/Games\/TURTOISE-RUN\/index.html\"><img decoding=\"async\" class=\"wp-image-662\" style=\"\" src=\"https:\/\/bonbontoto.com\/wp-content\/uploads\/2022\/09\/COURSES-TOTO-1.jpg\" alt=\"\"><\/a><\/td><\/tr><tr><td class=\"has-text-align-center\" data-align=\"center\"><strong>Toto en Ninja !<\/strong><\/td><td class=\"has-text-align-center\" data-align=\"center\"><strong>Toto contre les zombies<\/strong><\/td><td class=\"has-text-align-center\" data-align=\"center\"><strong>Course de Toto \u00e0 l\u2019infini !<\/strong><\/td><td class=\"has-text-align-center\" data-align=\"center\"><strong>Toto \u00e0 la ferme fait la r\u00e9colte !<\/strong><\/td><td class=\"has-text-align-center\" data-align=\"center\"><strong>Dessine les lettres gr\u00e2ce \u00e0 Toto<\/strong><\/td><\/tr><tr><td class=\"has-text-align-center\" data-align=\"center\"><a href=\"https:\/\/jeuxtoto.com\/Games\/NINJA-HERO\/index.html\"><img decoding=\"async\" class=\"wp-image-664\" style=\"\" src=\"https:\/\/bonbontoto.com\/wp-content\/uploads\/2022\/09\/TOTO-NINJA.jpg\" alt=\"\"><\/a><\/td><td class=\"has-text-align-center\" data-align=\"center\"><a href=\"https:\/\/jeuxtoto.com\/Games\/SHOOTING-GAME\/index.html\"><img decoding=\"async\" class=\"wp-image-669\" style=\"\" src=\"https:\/\/bonbontoto.com\/wp-content\/uploads\/2022\/09\/TOTO-ZOMBIES-1.jpg\" alt=\"\"><\/a><\/td><td class=\"has-text-align-center\" data-align=\"center\"><a href=\"https:\/\/jeuxtoto.com\/Games\/INFINIT-RUN\/index.html\"><img decoding=\"async\" class=\"wp-image-724\" style=\"\" src=\"https:\/\/bonbontoto.com\/wp-content\/uploads\/2022\/09\/COURSE-TOTO-INFINI.jpg\" alt=\"\"><\/a><\/td><td class=\"has-text-align-center\" data-align=\"center\"><a href=\"https:\/\/jeuxtoto.com\/Games\/FEED-THE-FARM\/index.html\"><img decoding=\"async\" class=\"wp-image-728\" style=\"\" src=\"https:\/\/bonbontoto.com\/wp-content\/uploads\/2022\/09\/TOTO-FERME-1.jpg\" alt=\"\"><\/a><\/td><td class=\"has-text-align-center\" data-align=\"center\"><a href=\"https:\/\/jeuxtoto.com\/Games\/ALPHABET-TRACE\/index.html\"><img decoding=\"async\" class=\"wp-image-730\" style=\"\" src=\"https:\/\/bonbontoto.com\/wp-content\/uploads\/2022\/09\/DESSIN-LETTRE.jpg\" alt=\"\"><\/a><\/td><\/tr><tr><td class=\"has-text-align-center\" data-align=\"center\"><strong>Memory Animaux avec Toto<\/strong><\/td><td class=\"has-text-align-center\" data-align=\"center\"><strong>Toto devine la capitaine<\/strong><\/td><td class=\"has-text-align-center\" data-align=\"center\"><strong>Coloriage avec TOTO !<\/strong><\/td><td class=\"has-text-align-center\" data-align=\"center\"><strong>Test les maths<br>avec Toto<\/strong><\/td><td class=\"has-text-align-center\" data-align=\"center\"><strong>Aide Toto \u00e0 \u00e9crire le mot !<\/strong><\/td><\/tr><tr><td class=\"has-text-align-center\" data-align=\"center\"><a href=\"https:\/\/jeuxtoto.com\/Games\/ANIMAL-PUZZLE\/index.html\"><img decoding=\"async\" class=\"wp-image-801\" style=\"\" src=\"https:\/\/bonbontoto.com\/wp-content\/uploads\/2022\/09\/MEMORY.jpg\" alt=\"\"><\/a><\/td><td class=\"has-text-align-center\" data-align=\"center\"><a href=\"https:\/\/jeuxtoto.com\/Games\/WORD-GUESS\/index.html\"><img decoding=\"async\" class=\"wp-image-821\" style=\"\" src=\"https:\/\/bonbontoto.com\/wp-content\/uploads\/2022\/09\/DEVINE-CAPITAIL.jpg\" alt=\"\"><\/a><\/td><td class=\"has-text-align-center\" data-align=\"center\"><a href=\"https:\/\/jeuxtoto.com\/Games\/COLORING-GAME\/index.html\"><img decoding=\"async\" class=\"wp-image-807\" style=\"\" src=\"https:\/\/bonbontoto.com\/wp-content\/uploads\/2022\/09\/COLORIAGE.jpg\" alt=\"\"><\/a><\/td><td class=\"has-text-align-center\" data-align=\"center\"><a href=\"https:\/\/jeuxtoto.com\/Games\/KIDS-MATH\/index.html\"><img decoding=\"async\" class=\"wp-image-809\" style=\"\" src=\"https:\/\/bonbontoto.com\/wp-content\/uploads\/2022\/09\/MATH-TOTO.jpg\" alt=\"\"><\/a><\/td><td class=\"has-text-align-center\" data-align=\"center\"><a href=\"https:\/\/jeuxtoto.com\/Games\/TYPE-THE-WORDS\/index.html\"><img decoding=\"async\" class=\"wp-image-819\" style=\"\" src=\"https:\/\/bonbontoto.com\/wp-content\/uploads\/2022\/09\/ECRITURE-MOT.jpg\" alt=\"\"><\/a><\/td><\/tr><\/tbody><\/table><figcaption class=\"wp-element-caption\">Le jeux toto  le d\u00e9fis est lancer!!!!!<\/figcaption><\/figure>\n<\/div>\n<\/div>\n<\/div><\/div>\n<\/div>\n<\/div>\n<\/div><\/div>\n<\/div>\n<\/div>\n<\/div><\/div>\n\n\n\n<figure class=\"wp-block-embed is-type-video is-provider-youtube wp-block-embed-youtube wp-embed-aspect-16-9 wp-has-aspect-ratio\"><div class=\"wp-block-embed__wrapper\">\n<iframe loading=\"lazy\" title=\"Pr\u00e9sentation de la gamme Toto les bonbons rigolos! des Bonbons et 1 jouet inclus\" width=\"525\" height=\"295\" src=\"https:\/\/www.youtube.com\/embed\/ICygA0O9BSI?feature=oembed\" frameborder=\"0\" allow=\"accelerometer; autoplay; clipboard-write; encrypted-media; gyroscope; picture-in-picture; web-share\" referrerpolicy=\"strict-origin-when-cross-origin\" allowfullscreen><\/iframe>\n<\/div><\/figure>\n\n\n\n<figure class=\"wp-block-video\"><video height=\"1080\" style=\"aspect-ratio: 1920 \/ 1080;\" width=\"1920\" controls src=\"https:\/\/jeuxtoto.com\/wp-content\/uploads\/2022\/11\/Banniere-YouTube-de-Jeux-video-Gaming-Jeu-de-role-Moderne-Jaune-et-Violet.mp4\"><\/video><\/figure>\n\n\n\n<ul class=\"wp-block-social-links has-huge-icon-size is-content-justification-center is-layout-flex wp-container-core-social-links-is-layout-16018d1d wp-block-social-links-is-layout-flex\"><li class=\"wp-social-link wp-social-link-facebook  wp-block-social-link\"><a href=\"https:\/\/www.facebook.com\/profile.php?id=100082956004509\" class=\"wp-block-social-link-anchor\"><svg width=\"24\" height=\"24\" viewBox=\"0 0 24 24\" version=\"1.1\" xmlns=\"http:\/\/www.w3.org\/2000\/svg\" aria-hidden=\"true\" focusable=\"false\"><path d=\"M12 2C6.5 2 2 6.5 2 12c0 5 3.7 9.1 8.4 9.9v-7H7.9V12h2.5V9.8c0-2.5 1.5-3.9 3.8-3.9 1.1 0 2.2.2 2.2.2v2.5h-1.3c-1.2 0-1.6.8-1.6 1.6V12h2.8l-.4 2.9h-2.3v7C18.3 21.1 22 17 22 12c0-5.5-4.5-10-10-10z\"><\/path><\/svg><span class=\"wp-block-social-link-label screen-reader-text\">Facebook<\/span><\/a><\/li>\n\n<li class=\"wp-social-link wp-social-link-instagram  wp-block-social-link\"><a href=\"https:\/\/www.instagram.com\/bonbon.toto\/\" class=\"wp-block-social-link-anchor\"><svg width=\"24\" height=\"24\" viewBox=\"0 0 24 24\" version=\"1.1\" xmlns=\"http:\/\/www.w3.org\/2000\/svg\" aria-hidden=\"true\" focusable=\"false\"><path d=\"M12,4.622c2.403,0,2.688,0.009,3.637,0.052c0.877,0.04,1.354,0.187,1.671,0.31c0.42,0.163,0.72,0.358,1.035,0.673 c0.315,0.315,0.51,0.615,0.673,1.035c0.123,0.317,0.27,0.794,0.31,1.671c0.043,0.949,0.052,1.234,0.052,3.637 s-0.009,2.688-0.052,3.637c-0.04,0.877-0.187,1.354-0.31,1.671c-0.163,0.42-0.358,0.72-0.673,1.035 c-0.315,0.315-0.615,0.51-1.035,0.673c-0.317,0.123-0.794,0.27-1.671,0.31c-0.949,0.043-1.233,0.052-3.637,0.052 s-2.688-0.009-3.637-0.052c-0.877-0.04-1.354-0.187-1.671-0.31c-0.42-0.163-0.72-0.358-1.035-0.673 c-0.315-0.315-0.51-0.615-0.673-1.035c-0.123-0.317-0.27-0.794-0.31-1.671C4.631,14.688,4.622,14.403,4.622,12 s0.009-2.688,0.052-3.637c0.04-0.877,0.187-1.354,0.31-1.671c0.163-0.42,0.358-0.72,0.673-1.035 c0.315-0.315,0.615-0.51,1.035-0.673c0.317-0.123,0.794-0.27,1.671-0.31C9.312,4.631,9.597,4.622,12,4.622 M12,3 C9.556,3,9.249,3.01,8.289,3.054C7.331,3.098,6.677,3.25,6.105,3.472C5.513,3.702,5.011,4.01,4.511,4.511 c-0.5,0.5-0.808,1.002-1.038,1.594C3.25,6.677,3.098,7.331,3.054,8.289C3.01,9.249,3,9.556,3,12c0,2.444,0.01,2.751,0.054,3.711 c0.044,0.958,0.196,1.612,0.418,2.185c0.23,0.592,0.538,1.094,1.038,1.594c0.5,0.5,1.002,0.808,1.594,1.038 c0.572,0.222,1.227,0.375,2.185,0.418C9.249,20.99,9.556,21,12,21s2.751-0.01,3.711-0.054c0.958-0.044,1.612-0.196,2.185-0.418 c0.592-0.23,1.094-0.538,1.594-1.038c0.5-0.5,0.808-1.002,1.038-1.594c0.222-0.572,0.375-1.227,0.418-2.185 C20.99,14.751,21,14.444,21,12s-0.01-2.751-0.054-3.711c-0.044-0.958-0.196-1.612-0.418-2.185c-0.23-0.592-0.538-1.094-1.038-1.594 c-0.5-0.5-1.002-0.808-1.594-1.038c-0.572-0.222-1.227-0.375-2.185-0.418C14.751,3.01,14.444,3,12,3L12,3z M12,7.378 c-2.552,0-4.622,2.069-4.622,4.622S9.448,16.622,12,16.622s4.622-2.069,4.622-4.622S14.552,7.378,12,7.378z M12,15 c-1.657,0-3-1.343-3-3s1.343-3,3-3s3,1.343,3,3S13.657,15,12,15z M16.804,6.116c-0.596,0-1.08,0.484-1.08,1.08 s0.484,1.08,1.08,1.08c0.596,0,1.08-0.484,1.08-1.08S17.401,6.116,16.804,6.116z\"><\/path><\/svg><span class=\"wp-block-social-link-label screen-reader-text\">Instagram<\/span><\/a><\/li>\n\n<li class=\"wp-social-link wp-social-link-tiktok  wp-block-social-link\"><a href=\"https:\/\/www.tiktok.com\/@toto_les_bonbons_rigolo?lang=fr\" class=\"wp-block-social-link-anchor\"><svg width=\"24\" height=\"24\" viewBox=\"0 0 32 32\" version=\"1.1\" xmlns=\"http:\/\/www.w3.org\/2000\/svg\" aria-hidden=\"true\" focusable=\"false\"><path d=\"M16.708 0.027c1.745-0.027 3.48-0.011 5.213-0.027 0.105 2.041 0.839 4.12 2.333 5.563 1.491 1.479 3.6 2.156 5.652 2.385v5.369c-1.923-0.063-3.855-0.463-5.6-1.291-0.76-0.344-1.468-0.787-2.161-1.24-0.009 3.896 0.016 7.787-0.025 11.667-0.104 1.864-0.719 3.719-1.803 5.255-1.744 2.557-4.771 4.224-7.88 4.276-1.907 0.109-3.812-0.411-5.437-1.369-2.693-1.588-4.588-4.495-4.864-7.615-0.032-0.667-0.043-1.333-0.016-1.984 0.24-2.537 1.495-4.964 3.443-6.615 2.208-1.923 5.301-2.839 8.197-2.297 0.027 1.975-0.052 3.948-0.052 5.923-1.323-0.428-2.869-0.308-4.025 0.495-0.844 0.547-1.485 1.385-1.819 2.333-0.276 0.676-0.197 1.427-0.181 2.145 0.317 2.188 2.421 4.027 4.667 3.828 1.489-0.016 2.916-0.88 3.692-2.145 0.251-0.443 0.532-0.896 0.547-1.417 0.131-2.385 0.079-4.76 0.095-7.145 0.011-5.375-0.016-10.735 0.025-16.093z\" \/><\/svg><span class=\"wp-block-social-link-label screen-reader-text\">TikTok<\/span><\/a><\/li>\n\n<li class=\"wp-social-link wp-social-link-youtube  wp-block-social-link\"><a href=\"https:\/\/www.youtube.com\/channel\/UCIosiKNH-3IYwVIYUTXGD2w\" class=\"wp-block-social-link-anchor\"><svg width=\"24\" height=\"24\" viewBox=\"0 0 24 24\" version=\"1.1\" xmlns=\"http:\/\/www.w3.org\/2000\/svg\" aria-hidden=\"true\" focusable=\"false\"><path d=\"M21.8,8.001c0,0-0.195-1.378-0.795-1.985c-0.76-0.797-1.613-0.801-2.004-0.847c-2.799-0.202-6.997-0.202-6.997-0.202 h-0.009c0,0-4.198,0-6.997,0.202C4.608,5.216,3.756,5.22,2.995,6.016C2.395,6.623,2.2,8.001,2.2,8.001S2,9.62,2,11.238v1.517 c0,1.618,0.2,3.237,0.2,3.237s0.195,1.378,0.795,1.985c0.761,0.797,1.76,0.771,2.205,0.855c1.6,0.153,6.8,0.201,6.8,0.201 s4.203-0.006,7.001-0.209c0.391-0.047,1.243-0.051,2.004-0.847c0.6-0.607,0.795-1.985,0.795-1.985s0.2-1.618,0.2-3.237v-1.517 C22,9.62,21.8,8.001,21.8,8.001z M9.935,14.594l-0.001-5.62l5.404,2.82L9.935,14.594z\"><\/path><\/svg><span class=\"wp-block-social-link-label screen-reader-text\">YouTube<\/span><\/a><\/li><\/ul>\n\n\n\n<figure class=\"wp-block-audio \"><audio controls src=\"https:\/\/jeuxtoto.com\/wp-content\/uploads\/2022\/11\/Kalimba-1.mp3\" autoplay loop><\/audio><\/figure>\n","protected":false},"excerpt":{"rendered":"<p>\u00abToto \u00e0 la p\u00eache\u00bb \u25ba R\u00e8gle du jeu Toto tir au p\u00e9nalty Toto \u00e0 l&rsquo;entrainement de foot Toto fait du Ping Pong Toto au Bowling Toto Reflexe avec les Fruits Toto dans l&rsquo;espace ! Toto joue avec des donuts ! Toto tir aux ballons ! Toto tranche des fruits ! Les Maths avec&nbsp;Toto Animaux avec &hellip; <\/p>\n<p class=\"link-more\"><a href=\"https:\/\/jeuxtoto.com\/\" class=\"more-link\">Continuer la lecture<span class=\"screen-reader-text\"> de &laquo;&nbsp;Profitez des jeux gratuit offert par TOTO !&nbsp;&raquo;<\/span><\/a><\/p>\n","protected":false},"author":1,"featured_media":0,"parent":0,"menu_order":0,"comment_status":"closed","ping_status":"closed","template":"elementor_header_footer","meta":{"footnotes":""},"class_list":["post-46","page","type-page","status-publish","hentry"],"_links":{"self":[{"href":"https:\/\/jeuxtoto.com\/index.php\/wp-json\/wp\/v2\/pages\/46","targetHints":{"allow":["GET"]}}],"collection":[{"href":"https:\/\/jeuxtoto.com\/index.php\/wp-json\/wp\/v2\/pages"}],"about":[{"href":"https:\/\/jeuxtoto.com\/index.php\/wp-json\/wp\/v2\/types\/page"}],"author":[{"embeddable":true,"href":"https:\/\/jeuxtoto.com\/index.php\/wp-json\/wp\/v2\/users\/1"}],"replies":[{"embeddable":true,"href":"https:\/\/jeuxtoto.com\/index.php\/wp-json\/wp\/v2\/comments?post=46"}],"version-history":[{"count":32,"href":"https:\/\/jeuxtoto.com\/index.php\/wp-json\/wp\/v2\/pages\/46\/revisions"}],"predecessor-version":[{"id":213,"href":"https:\/\/jeuxtoto.com\/index.php\/wp-json\/wp\/v2\/pages\/46\/revisions\/213"}],"wp:attachment":[{"href":"https:\/\/jeuxtoto.com\/index.php\/wp-json\/wp\/v2\/media?parent=46"}],"curies":[{"name":"wp","href":"https:\/\/api.w.org\/{rel}","templated":true}]}}